{"id":80,"date":"2023-09-22T22:02:14","date_gmt":"2023-09-22T20:02:14","guid":{"rendered":"https:\/\/ivujovic.pfst.hr\/?page_id=80"},"modified":"2023-11-13T08:44:21","modified_gmt":"2023-11-13T06:44:21","slug":"erdbsiwcmvs_webpage","status":"publish","type":"page","link":"https:\/\/ivujovic.pfst.hr\/index.php\/erdbsiwcmvs_webpage\/","title":{"rendered":"ERDBSIWCMVS_webpage"},"content":{"rendered":"\n<figure class=\"wp-block-table\"><table><tbody><tr><td><strong>Ime projekta:<\/strong> Uspostava referalne baze za istra\u017eivanje utjecaja vremenskih prilika na video nadzor u pomorskom prometu <br><strong>Project&#8217;s name:<\/strong> Establishment of reference database for studying the influence of weather conditions on marine video surveillance <br><strong>Akronim \/ acronym:<\/strong> ERDBSIWCMVS Broj\/No.: 2673.\/2017. <br>Vrijeme \/ duration: 9.3.2018-9.3.2022. <br>\u0160ifra projekta\/Projct code: pfst-2018-03 <br><a href=\"https:\/\/croris.hr\/projekti\/projekt\/5997\">https:\/\/croris.hr\/projekti\/projekt\/5997<\/a> &nbsp;<\/td><\/tr><\/tbody><\/table><\/figure>\n\n\n\n<figure class=\"wp-block-table\"><table><tbody><tr><td><strong>Voditelj projekta \/ Project manager:<\/strong> Igor Vujovi\u0107<\/td><\/tr><tr><td>Tim\/Team: <br>Izv. prof. dr.sc. Igor Vujovi\u0107 (Associate professor) <br>Prof. dr. sc. Danko Kezi\u0107 (Full professor tenure) <br>Izv. prof. dr. sc. Tatjana Stanivuk (Associate professor) <br>Mr. sc. Ivica Kuzmani\u0107 (permanent college professor) <br>Doktorandi: <br>Vladimir Brozovi\u0107 (mentor\/supervisor prof. dr. sc. D. Kezi\u0107), Bruna Bacelja (mentor\/supervisor izv. prof. dr. sc. M. Kr\u010dum), Miro Petkovi\u0107 (mentor\/supervisor izv.porf. dr. sc. Igor Vujovi\u0107)<\/td><\/tr><\/tbody><\/table><\/figure>\n\n\n\n<p>U svijetu postoje referalne baze za prepoznavanje lica, gestikulacija, pokretnih objekata u stati\u010dkim scenama, itd. Ne postoji referalna baza za usporedbu rada algoritama u obradi video signala u razli\u010ditim vremenskim prilikama na istoj sceni. Napredak u istra\u017eivanju nadzora prometa u razli\u010ditim vremenskim uvjetima pridonijet \u0107e sigurnosti prometa na kopnu i na vodenim povr\u0161inama.&nbsp; Detekcija prelaska sektorskih granica bit \u0107e olak\u0161ana uspostavom ove baze. Uporaba video nadzora iznimno je slo\u017eena nad vodenim masama, jer postoji niz dodatnih problema koji se ne javljaju u klasi\u010dnim nadzornim aplikacijama (detekcija linije horizonta, valovi, maskiranje brzog broda valovima, pjena i kapljice vode, refleksija sun\u010devog svjetla o vodenu masu, itd.). <\/p>\n\n\n\n<p>There are many referral databases (or datasets) for many purposes in the world, such as for face recognition, gestures, moving objects in static scenes, etc. However, there is no such dataset or base for algorithm performance comparison in video processing, which deals with various weather conditions in the same scene. Advancement in the research of traffic monitoring under various weather conditions will contribute to the traffic safety both on and off shore. Sector borders crossing detection will be easier by the help of this dataset. Video surveillance is especially difficult over great water areas, because there are a lot of additional problems which are specific for maritime zones, and not for land applications (horizon line detection, waves, masking of fast moving object with waves and foam, sea water droplets, sun reflection from the water mass, etc).<\/p>\n\n\n\n<figure class=\"wp-block-table\"><table><tbody><tr><td><strong>Gospodarski subjekti uklju\u010deni u projekt \/ <\/strong><strong>Corporation out of university community<\/strong>: Tech Resources d.o.o.<\/td><\/tr><\/tbody><\/table><\/figure>\n\n\n\n<p>Cilj projekta je stvoriti preduvjete za uspostavu referentne baze te po\u010detak uspostave takve baze. Uspostava jednog dostupnog skupa podataka omogu\u0107it \u0107e znanstvenicima pristup problemu utjecaja vremenskih prilika na segmentaciju kretnji u vodenom okoli\u0161u s vi\u0161om razinom sistematizacije problema.<\/p>\n\n\n\n<p>\u017delja je da znanstvenici mogu slobodno koristiti ove podatke kako bi mogli razvijati svoje algoritme video nadzora i uspore\u0111ivati rezultate s drugim znanstvenicima, koji imaju druga\u010dije algoritme, a proizvoljne dvije video sekvence se ne mogu uspore\u0111ivati. Stoga se uspostavom ovakvog skupa podataka ujedna\u010davaju kriteriji za usporedbu rada razli\u010ditih algoritama koje razvijaju drugi znanstvenici neovisno o zemljopisnom polo\u017eaju.<\/p>\n\n\n\n<p>The goal of the project is to create a framework for establishment of permanent referent dataset and to start establishing it. Establishment of one available dataset will enable scientists to approach to the complex problem of weather conditions influence to the motion segmentation in maritime zones with higher level of systematization and validation. It is the wish that researches can freely use these dana to develop algorithms in video surveillance field and to compare it with other researches. This project will contribute to equalization of criteria for different algorithms performance comparison no matter where there are around the globe.<\/p>\n\n\n\n<p><strong>Studenti Fakulteta uklju\u010deni u projekt \/ <\/strong><strong>Students involved in the project<\/strong><strong>:<\/strong><\/p>\n\n\n\n<p>Martina Bradari\u0107, Matea \u010covi\u0107, Bruno Eterovi\u0107, Nikola \u0160imunovi\u0107, Vlado \u0160u\u0161njar.<\/p>\n\n\n\n<p><strong>Doktorandi koji rade na projektu \/ PhD candidates working on the project:<\/strong> Miro Petkovi\u0107, Vladimir Brozovi\u0107, Bruna Bacelja<\/p>\n\n\n\n<p><strong>Referalan baza \u2013 skidanje podataka \/ <\/strong><strong>Benchmark dataset &#8211; downloads<\/strong>:<\/p>\n\n\n\n<p>Snimljeni video \/ Recorded videos: <a href=\"https:\/\/ivujovic.pfst.hr\/wp-content\/uploads\/2023\/09\/oblacno.mp4\" data-type=\"attachment\" data-id=\"88\">obla\u010dno \/ cloudy<\/a>, <a href=\"http:\/\/suncano.mp4\">sun\u010dano \/sunny<\/a>, <a href=\"http:\/\/snijeg.mp4\">snje\u017eno \/ snowing<\/a> vrijeme \/ weather.<\/p>\n\n\n\n<p><a href=\"https:\/\/ivujovic.pfst.hr\/wp-content\/uploads\/2023\/11\/ground_truth_matlab_roi.7z\" data-type=\"link\" data-id=\"https:\/\/ivujovic.pfst.hr\/wp-content\/uploads\/2023\/11\/ground_truth_matlab_roi.7z\">Matlab session in Ground truth labeler<\/a> with <strong><em>human manual segmentation<\/em><\/strong> of recorded videos.<\/p>\n\n\n\n<p>Explanations:<\/p>\n\n\n\n<p>groundTruthLabelingSession_oblacno_ploce.mat \u2013 session for cloudy weather<\/p>\n\n\n\n<p>groundTruthLabelingSession_snije_dotjerivanje.mat \u2013 session for snowing weather<\/p>\n\n\n\n<p>groundTruthLabelingSession_suncano_ploce.mat \u2013 session for sunny weather<\/p>\n\n\n\n<p>You will also need to load labels for <a href=\"https:\/\/ivujovic.pfst.hr\/wp-content\/uploads\/2023\/11\/gTruth_cloudy_snow_sunny.zip\">cloudy<\/a>, <a href=\"https:\/\/ivujovic.pfst.hr\/wp-content\/uploads\/2023\/11\/gTruth_cloudy_snow_sunny.zip\">snowing<\/a> and\/or <a href=\"https:\/\/ivujovic.pfst.hr\/wp-content\/uploads\/2023\/11\/gTruth_cloudy_snow_sunny.zip\">sunny<\/a> weather.<\/p>\n\n\n\n<p>Comparison of ground truth determination by three human operators in the same sequence. Txt files contain results of the corresponding jpg files: <a href=\"https:\/\/repozitorij.pfst.unist.hr\/islandora\/object\/pfst:1132\">link to DABAR archive<\/a>.<\/p>\n\n\n\n<p>Split port zone traffic at different weather conditions \u2013 jpg files in zip: <a href=\"https:\/\/repozitorij.pfst.unist.hr\/islandora\/object\/pfst:1135\">1<sup>st<\/sup> part<\/a>, <a href=\"https:\/\/repozitorij.pfst.unist.hr\/islandora\/object\/pfst:1136\">2<sup>nd<\/sup> part<\/a>.<\/p>\n\n\n\n<figure class=\"wp-block-table\"><table><tbody><tr><td><strong>Diplomski radovi iz projekta \/ Diploma\/Master thesis from project:<\/strong> <br>1. B. E., Prepoznavanje uzoraka iz snimki nadzornog sustava u programskom paketu Labview \/ Pattern recognition from video surveillance system in Labview, 28. 3. 2018. <br>2. N. \u0160., Izdvajanje zna\u010dajki video signala s ciljem upravljanja kretanjem na zadanoj stazi \/ Feature extraction from video signal with goal of moving in desired lane, 17.7.2019. Resulting videos (output of the lane detection algorithm): <a href=\"ERDBSIWCMVS_webpage_files\/Split-res.avi\">video 1<\/a>, <a href=\"ERDBSIWCMVS_webpage_files\/outputHvar.avi\">video 2<\/a>. <br>3. V. \u0160., Prou\u010davanje vidljivosti pomorskih pokretnih objekata u razli\u010ditim vremenskim uvjetima \/ Marine traffic visibility in various weather conditions, 30.9.2019. <br>4. M. B., Video nadzorni sustavi u pomorskom prometu \/ Video surveillance system sin maritime traffic, 30.9.2019. <br>5. A. L., Semanti\u010dka segmentacija kretanja uporabom konvolucijskih neuronskih mre\u017ea, 29.9.2020. &nbsp;<\/td><\/tr><tr><td><a href=\"https:\/\/www.bib.irb.hr\/pretraga?operators=and|%5BVLASTITA-SREDSTVA-pfst-2018-03%5D%20Uspostava%20referalne%20baze%20za%20istra%C5%BEivanje%20utjecaja%20vremenskih%20prilika%20na%20video%20nadzor%20u%20pomorskom%20prometu%20%5BEstablishment%20of%20reference%20database%20for%20studying%20the%20influence%20of%20weather%20conditions%20on%20marine%20video%20surveillance%5D%20%28ERDBSIWCMVS%29%20%289160%29|text|project-id\">P<\/a><a href=\"https:\/\/www.croris.hr\/projekti\/projekt\/5997\">ublished papers<\/a><\/td><\/tr><tr><td><a href=\"https:\/\/ivujovic.pfst.hr\/wp-includes\/images\/media\/video.png\">Presentation at the ACE-X 2021 conference<\/a><\/td><\/tr><\/tbody><\/table><\/figure>\n\n\n\n<p>Nabavljena oprema iz projekta \/ Equipment obtained during the project:<\/p>\n\n\n\n<ul class=\"wp-block-list\">\n<li>SSD Samsung 850 EVO Basic 2.5&#8243; 250 GB, MZ-75E250B + dostava x7<\/li>\n\n\n\n<li>SSD 500.0 GB SAMSUNG 850 EVO Basic, MZ-75E500B, SATA 3, 2.5&#8243;, 540\/520 MB\/s<\/li>\n\n\n\n<li>Ladica za disk ICY BOX IB-AC649a, SATA 2.5&#8243;, za monta\u017eu HDD \/ SSD umjesto optike, 5-9.5 mm<\/li>\n\n\n\n<li>Digitalna kamera GOPRO HERO7 (Black, 4K60, 12 Mpixela + HDR, Touchscreen, Voice Control, 3 Axis, GPS)<\/li>\n\n\n\n<li>Kamera bez le\u0107a u s pripadaju\u0107im USB kabelom i dostavom Lensless camera) MQ022CG-CM s pripadaju\u0107im USB kabelom CBL-U3-3M0 i dostavom<\/li>\n<\/ul>\n","protected":false},"excerpt":{"rendered":"<p>Ime projekta: Uspostava referalne baze za istra\u017eivanje utjecaja vremenskih prilika na video nadzor u pomorskom prometu Project&#8217;s name: Establishment of reference database for studying the influence of weather conditions on marine video surveillance Akronim \/ acronym: ERDBSIWCMVS Broj\/No.: 2673.\/2017. Vrijeme \/ duration: 9.3.2018-9.3.2022. \u0160ifra projekta\/Projct code: pfst-2018-03 https:\/\/croris.hr\/projekti\/projekt\/5997 &nbsp; Voditelj projekta \/ Project manager: Igor [&hellip;]<\/p>\n","protected":false},"author":2,"featured_media":0,"parent":0,"menu_order":0,"comment_status":"closed","ping_status":"closed","template":"","meta":{"footnotes":""},"class_list":["post-80","page","type-page","status-publish","hentry"],"_links":{"self":[{"href":"https:\/\/ivujovic.pfst.hr\/index.php\/wp-json\/wp\/v2\/pages\/80","targetHints":{"allow":["GET"]}}],"collection":[{"href":"https:\/\/ivujovic.pfst.hr\/index.php\/wp-json\/wp\/v2\/pages"}],"about":[{"href":"https:\/\/ivujovic.pfst.hr\/index.php\/wp-json\/wp\/v2\/types\/page"}],"author":[{"embeddable":true,"href":"https:\/\/ivujovic.pfst.hr\/index.php\/wp-json\/wp\/v2\/users\/2"}],"replies":[{"embeddable":true,"href":"https:\/\/ivujovic.pfst.hr\/index.php\/wp-json\/wp\/v2\/comments?post=80"}],"version-history":[{"count":10,"href":"https:\/\/ivujovic.pfst.hr\/index.php\/wp-json\/wp\/v2\/pages\/80\/revisions"}],"predecessor-version":[{"id":177,"href":"https:\/\/ivujovic.pfst.hr\/index.php\/wp-json\/wp\/v2\/pages\/80\/revisions\/177"}],"wp:attachment":[{"href":"https:\/\/ivujovic.pfst.hr\/index.php\/wp-json\/wp\/v2\/media?parent=80"}],"curies":[{"name":"wp","href":"https:\/\/api.w.org\/{rel}","templated":true}]}}