{"id":55,"date":"2023-09-11T08:59:28","date_gmt":"2023-09-11T06:59:28","guid":{"rendered":"https:\/\/ivujovic.pfst.hr\/?page_id=55"},"modified":"2026-02-10T22:38:56","modified_gmt":"2026-02-10T20:38:56","slug":"projekti","status":"publish","type":"page","link":"https:\/\/ivujovic.pfst.hr\/index.php\/projekti\/","title":{"rendered":"Projekti"},"content":{"rendered":"\n<p><a href=\"https:\/\/ivujovic.pfst.hr\/index.php\/projects\/\" data-type=\"link\" data-id=\"https:\/\/ivujovic.pfst.hr\/index.php\/projects\/\">Projects<\/a><\/p>\n\n\n\n<p>Tijekom dosada\u0161njeg znanstvenog rada prof. dr. sc. igor Vujovi\u0107 sudjelovao je u navedenim projektima:<\/p>\n\n\n\n<blockquote class=\"wp-block-quote is-layout-flow wp-block-quote-is-layout-flow\">\n<p>1. Nove tehnologije u dijagnostici i upravljanju brodskih porivnih sustava (250-2502209-2364; Voditelj-glavni istra\u017eiva\u010d R. Antoni\u0107). Projekt financira Ministarstvo znanosti, obrazovanja i \u0161porta Republike Hrvatske, 2007. (u svojstvu vanjskog suradnika)<\/p>\n\n\n\n<p>2. Ra\u010dunarski simulacijski model pomorskog edukativnog sustava Hrvatske (0171007). (Voditelj-glavni istra\u017eiva\u010d Z. Kulenovi\u0107). Projekt je financiralo Ministarstvo znanosti, obrazovanja i \u0161porta Republike Hrvatske, 2002. &#8211; 2006. (u svojstvu vanjskog suradnika)<\/p>\n\n\n\n<p>3. CEPUS (1997.)<a href=\"http:\/\/www.ceepus.info\/default.aspx\"> http:\/\/www.ceepus.info\/default.aspx<\/a><\/p>\n\n\n\n<p>4. Projekt V. Zanchi tijekom magistarskog studija: Biomehanika ljudskog hoda, upravljanje i rehabilitacija, br. 023022 (u svojstvu vanjskog suradnika)<\/p>\n\n\n\n<p>5. Projekt I. Petrovi\u0107a tijekom doktorskog studija: Upravljanje mobilnim robotima i vozilima u nepoznatim i dinamickim okru\u017eenjima, 036-0363078-3018, 2007-2011 (u svojstvu istra\u017eiva\u010da).<\/p>\n\n\n\n<p>6. H.R.3.1.15-0033 (voditelj izv. prof. M. Sli\u0161kovi\u0107) \u201ePomorski menad\u017ement za 21. Stolje\u0107e \u2013 odr\u017eiv i inteligentan razvoj obalnog podru\u010dja kroz razvoj standarda zanimanja i standarda kvalifikacije u podru\u010dju Pomorskog menad\u017ementa te unapre\u0111enja istoimenog sveu\u010dili\u0161nog diplomskog studija\u201c, 19.6.2015-18.9.2016. (u svojstvu istra\u017eiva\u010da, EU fond).<\/p>\n\n\n\n<p>7. <a href=\"https:\/\/ivujovic.pfst.hr\/index.php\/erdbsiwcmvs_webpage\/\">Uspostava referalne baze za istra\u017eivanje utjecaja vremenskih prilika na video nadzor u pomorskom prometu<\/a> ERDBSIWCMVS (broj 2673.\/2017.) 9.3.2018-9.3.2022. (VIF projekt, voditelj, sredstva MZO)<\/p>\n\n\n\n<p>8. Funkcionalna integracija Sveu\u010dili\u0161ta u Splitu, PMF-ST, PFST te KTF-ST kroz razvoj znanstveno &#8211; istra\u017eiva\u010dke infrastrukture u Zgradi tri fakulteta, 1.9.2018-1.4.2021. (istra\u017eiva\u010d, EU fond)<\/p>\n\n\n\n<p>9. CEKOM \u2013 Centar kompetancija za naprednu mobilnost, KK.01.2.2.03.0022, 10.9.2020.-10.9.2023. EU fond za regionalni razvoj, operativni program \u201cKonkurentnost I kohezija\u201d IRA 13: Razvoj I izrada kompaktnog brodskog srednje naponskog sklopnog bloka 15\/17,5 (bssb 17,5), uloga: istra\u017eiva\u010d<\/p>\n\n\n\n<p>10. Remote sensing in a function of sustainable development of maritime sector, financira ESA (ESA HR3-08), 8.1. 2024. &#8211; 7.7. 2025. <\/p>\n\n\n\n<p>11. <a href=\"https:\/\/ivujovic.pfst.hr\/index.php\/primjena-prosirene-stvarnosti-i-strojnog-ucenja-u-poboljsanju-sigurnosti-pomorskog-prometa-application-of-augmented-reality-and-machine-learning-for-maritime-transport-safety-improvement\/\" data-type=\"link\" data-id=\"https:\/\/ivujovic.pfst.hr\/index.php\/primjena-prosirene-stvarnosti-i-strojnog-ucenja-u-poboljsanju-sigurnosti-pomorskog-prometa-application-of-augmented-reality-and-machine-learning-for-maritime-transport-safety-improvement\/\">Primjena pro\u0161irene stvarnosti i strojnog u\u010denja u pobolj\u0161anju sigurnosti pomorskog prometa <\/a>(Application of augmented reality and machine learning for maritime transport safety improvement), ARMTS, VIF, voditelj, trajanje 3 godine, po\u010detak 1.4.2025.- 31.3.2028.<\/p>\n\n\n\n<p>12. Umjetna inteligencija u slu\u017ebi digitalne transformacije pomorskog sektora (Artificial Intelligence driving the digital transformation of the maritime sector), MareDiTrAI, voditelj, NPOO, EU, IP-UNIST-41, 01.10.2025-30.09.2029.<\/p>\n<\/blockquote>\n","protected":false},"excerpt":{"rendered":"<p>Projects Tijekom dosada\u0161njeg znanstvenog rada prof. dr. sc. igor Vujovi\u0107 sudjelovao je u navedenim projektima: 1. Nove tehnologije u dijagnostici i upravljanju brodskih porivnih sustava (250-2502209-2364; Voditelj-glavni istra\u017eiva\u010d R. Antoni\u0107). Projekt financira Ministarstvo znanosti, obrazovanja i \u0161porta Republike Hrvatske, 2007. (u svojstvu vanjskog suradnika) 2. Ra\u010dunarski simulacijski model pomorskog edukativnog sustava Hrvatske (0171007). (Voditelj-glavni istra\u017eiva\u010d [&hellip;]<\/p>\n","protected":false},"author":1,"featured_media":0,"parent":0,"menu_order":0,"comment_status":"closed","ping_status":"closed","template":"","meta":{"footnotes":""},"class_list":["post-55","page","type-page","status-publish","hentry"],"_links":{"self":[{"href":"https:\/\/ivujovic.pfst.hr\/index.php\/wp-json\/wp\/v2\/pages\/55","targetHints":{"allow":["GET"]}}],"collection":[{"href":"https:\/\/ivujovic.pfst.hr\/index.php\/wp-json\/wp\/v2\/pages"}],"about":[{"href":"https:\/\/ivujovic.pfst.hr\/index.php\/wp-json\/wp\/v2\/types\/page"}],"author":[{"embeddable":true,"href":"https:\/\/ivujovic.pfst.hr\/index.php\/wp-json\/wp\/v2\/users\/1"}],"replies":[{"embeddable":true,"href":"https:\/\/ivujovic.pfst.hr\/index.php\/wp-json\/wp\/v2\/comments?post=55"}],"version-history":[{"count":10,"href":"https:\/\/ivujovic.pfst.hr\/index.php\/wp-json\/wp\/v2\/pages\/55\/revisions"}],"predecessor-version":[{"id":413,"href":"https:\/\/ivujovic.pfst.hr\/index.php\/wp-json\/wp\/v2\/pages\/55\/revisions\/413"}],"wp:attachment":[{"href":"https:\/\/ivujovic.pfst.hr\/index.php\/wp-json\/wp\/v2\/media?parent=55"}],"curies":[{"name":"wp","href":"https:\/\/api.w.org\/{rel}","templated":true}]}}