{"id":158,"date":"2023-11-17T08:28:08","date_gmt":"2023-11-17T06:28:08","guid":{"rendered":"https:\/\/ivujovic.pfst.hr\/?page_id=158"},"modified":"2023-11-17T08:28:08","modified_gmt":"2023-11-17T06:28:08","slug":"interaktivna-nastava-elektrotehnike-interactive-electrical-engineering-examples","status":"publish","type":"page","link":"https:\/\/ivujovic.pfst.hr\/index.php\/interaktivna-nastava-elektrotehnike-interactive-electrical-engineering-examples\/","title":{"rendered":"Interaktivna nastava elektrotehnike \/ Interactive electrical engineering examples"},"content":{"rendered":"\n<p><strong><a href=\"https:\/\/ivujovic.pfst.hr\/wp-content\/uploads\/2023\/11\/upute_java.docx\" data-type=\"link\" data-id=\"https:\/\/ivujovic.pfst.hr\/wp-content\/uploads\/2023\/11\/upute_java.docx\"><strong>Upute za aktivaciju JAVA appleta pod novim sigurnosnim uvjetima u Windowsima (ako ne odgovaraju izbornici treba na\u0107i verziju JAVA programa koji ima te funkcije.)<\/strong><\/a><\/strong><\/p>\n\n\n\n<p><strong>Na ovoj stranici su postavljene stare verzije appleta. Nove verzije se mogu dobiti na web stranicama<a href=\"http:\/\/www.physics.uoguelph.ca\/applets\/Intro_physics\/kisalev\/\"><strong>\u00a01. skupine autora<\/strong><\/a>\u00a0i\u00a0<a href=\"http:\/\/www.walter-fendt.de\/download\/ph14dl.htm\"><strong>2. skupine autora<\/strong><\/a>. Linkovi za skidanje\u00a0appleta\u00a0na na\u0161em serveru:\u00a0<a href=\"https:\/\/ivujovic.pfst.hr\/wp-content\/uploads\/2023\/11\/java.7z\" data-type=\"link\" data-id=\"https:\/\/ivujovic.pfst.hr\/wp-content\/uploads\/2023\/11\/java.7z\"><strong>Sergey\u00a0Kiselev\u00a0and\u00a0Tanya\u00a0Yanovsky-Kiselev<\/strong><\/a>\u00a0i\u00a0<a href=\"https:\/\/ivujovic.pfst.hr\/wp-content\/uploads\/2023\/11\/pe.7z\" data-type=\"link\" data-id=\"https:\/\/ivujovic.pfst.hr\/wp-content\/uploads\/2023\/11\/pe.7z\"><strong>Walter\u00a0Fendt<\/strong><\/a>.<\/strong><\/p>\n\n\n\n<p><strong><em>Upozorenje<\/em><\/strong><strong>:&nbsp;<\/strong><strong>Na ovoj stranici su navedene veze za odre\u0111ene JAVA applete (programe). Sva obja\u0161njenja na ovoj stranici su izvorna. Vlasnik ove stranice, kao i Internet provider ove stranice ne odgovaraju za eventualne posljedice nastale kori\u0161tenjem ovih veza. Svi appleti imaju izvorna obja\u0161njenja na engleskom jeziku. Sva prava autora su pridr\u017eana.<\/strong><\/p>\n\n\n\n<h1 class=\"wp-block-heading\"><a><strong>ELEKTROTEHNIKA<\/strong><\/a><\/h1>\n\n\n\n<p><strong>Cilj ove vje\u017ebe je prikazati neke od osnovnih zakona elektrotehnike na ra\u010dunalu, kako bi se olak\u0161ao rad na laboratorijskim vje\u017ebama. Osnovni pojmovi i definicije mogu se na\u0107i u knjizi I. Kuzmani\u0107: &#8220;Brodska elektrotehnika i elektronika &#8211; I. dio&#8221;. Sve simulacije u ovoj vje\u017ebi ra\u0111ene su u JAVA skriptama. Vje\u017eba je opisana i u uputama za laboratorijske vje\u017ebe: I. Vujovi\u0107, I. Kuzmani\u0107: &#8220;Brodska elektrotehnika i elektronika \u2013 repetitorij s uputama za laboratorijske vje\u017ebe&#8221;, 2003.<\/strong><\/p>\n\n\n\n<p><strong>1.&nbsp;<\/strong><a href=\"http:\/\/www.pfst.hr\/~ivujovic\/stare_stranice\/java\/indcur\/index.html\"><strong>Indukcija struje u magnetskom polju.<\/strong><\/a><\/p>\n\n\n\n<p><strong>Ovaj JAVA applet ilustrira princip generiranja elektri\u010dne struje.<\/strong><\/p>\n\n\n\n<p><strong>UPUTE ZA RAD: Namjestiti pokazatelj mi\u0161a na rub petlje. Pritisnuti lijevo dugme mi\u0161a i dr\u017eati ga pritisnutog cijelo vrijeme dok se pomi\u010de u proizvoljnim smjerovima.<\/strong><\/p>\n\n\n\n<p><strong>Promatrati pokazivanje ampermetra. \u0160to se doga\u0111a? Kakva se struja te\u010de \u017eicama? Za\u0161to se ne mo\u017ee posti\u0107i da je cijelo vrijeme struja istog smjera?<\/strong><\/p>\n\n\n\n<p><strong>2. Elektri\u010dna struja, napon i elektri\u010dni otpor najva\u017enije su elektrotehni\u010dke veli\u010dine kod istosmjernih i izmjeni\u010dnih strujnih krugova. Elektri\u010dna struja mjeri se u amperima, napon u voltima, a otpor u omima. Osnovni zakon koji povezuje te tri veli\u010dine je&nbsp;<\/strong><a href=\"pe\/physengl\/ohmslaw.htm\"><em><strong>Ohmov<\/strong><\/em><\/a><strong>&nbsp;zakon.&nbsp;<\/strong><a href=\"pe\/physengl\/ohmslaw.htm\"><em><strong>Ohmov<\/strong><\/em><\/a><strong><em>&nbsp;<\/em><\/strong><strong>zakon se matemati\u010dki izra\u017eava s:<\/strong><\/p>\n\n\n\n<p>I = U \/ R<\/p>\n\n\n\n<p><strong>Iz njega se, po potrebi mo\u017ee dobiti bilo koja nepoznata veli\u010dina, ako su druge dvije poznate:<\/strong><\/p>\n\n\n\n<p><strong>R = U \/ I<\/strong><\/p>\n\n\n\n<p><strong><em>U = IR<\/em><\/strong><\/p>\n\n\n\n<p><strong>Najjednostavniji strujni krug sastoji se od izvora, spojnih \u017eica i tro\u0161ila. Ako se \u017eeli bilo \u0161to izmjeriti, u krug treba dodati mjerne instrumente. Mjerni instrument koji mjeri struju zove se ampermetar, a instrument koji mjeri napon je voltmetar. I jedan i drugi mogu biti analogni i digitalni. U praksi se \u010desto susre\u0107e univerzalni instrument koji mo\u017ee mjeriti i struju i napon. Instrumenti u na\u010delu unose pogre\u0161ku, jer i sami imaju neki otpor. Za jednostavne prora\u010dune, mo\u017ee se pretpostaviti da su oni idealni. Idealni ampermetar nema unutra\u0161nji otpor (R<sub>A<\/sub>&nbsp;= 0&nbsp;<\/strong><strong>W<\/strong><strong>), dok realni ima otpor koji je naj\u010de\u0161\u0107e reda veli\u010dina 1&nbsp;<\/strong><strong>W<\/strong><strong>. Kod mjerenja na malim otpornicima taj 1&nbsp;<\/strong><strong>W<\/strong><strong>&nbsp;mo\u017ee imati zna\u010dajan utjecaj, pa ga se treba ura\u010dunati. Me\u0111utim, ve\u0107 kod mjerenja otpornika od 1 k<\/strong><strong>W<\/strong><strong>, taj se utjecaj mo\u017ee zanemariti. Kad bi se ampermetar spojio u paralelu, zbog njegovog malog otpora, gotovo cijela struja bi protekla kroz njega (kratki spoj), pa ne bi tekla kroz tro\u0161ilo kroz koje je trebalo mjeriti struju. Ampermetar se stoga spaja u seriju s tro\u0161ilom i\/ili izvorom. Voltmetar, pak ima veliki unutra\u0161nji otpor reda veli\u010dina 100 k<\/strong><strong>W<\/strong><strong>, pa i M<\/strong><strong>W<\/strong><strong>&nbsp;(digitalni). Voltmetar mjeri napon, a kako je napon razlika potencijala izme\u0111u dvije to\u010dke, spaja se paralelno onom dijelu kruga u kojem se mjeri napon. Ako bi se u seriju spojio voltmetar, struja bi jedva prolazila, jer tako veliki otpor mo\u017ee realno biti jednak prekidu strujnog kruga (prazan hod). Idealni voltmetar ima beskona\u010dan otpor (R<sub>V<\/sub>&nbsp;=&nbsp;<\/strong><strong>Y<\/strong><strong>).<\/strong><\/p>\n\n\n\n<p><strong>Ako se u krugu nalazi tro\u0161ilo otpora 200&nbsp;<\/strong><strong>W<\/strong><strong>, a izvor daje napon 5 V, uz uvjet da su instrumenti idealni, oni, prema slici, pokazuju: U<sub>V<\/sub>&nbsp;= 5 V, I<sub>A<\/sub>&nbsp;= 0,025 A = 25 mA. Ako su poznata o\u010ditanja instrumenata, a nepoznat otpor, onda iz Ohmovog zakona vrijedi:<\/strong><\/p>\n\n\n\n<p><strong>R = 5\/0,025 = 200&nbsp;<\/strong><strong>W<\/strong><\/p>\n\n\n\n<p><strong>3. Jednostavni strujni krug:&nbsp;<\/strong><a href=\"java\/resist2\/index.html\"><strong>serijski spoj dva otpornika u krugu istosmjerne struje.<\/strong><\/a><\/p>\n\n\n\n<p><strong>Kod serijskog spoja dva otpornika napon na oba je jednak, kao i struja koja te\u010de kroz njih. Karakteristika serijskog spoja je da je struja kroz sve elemente istog iznosa i istog smjera.<\/strong><\/p>\n\n\n\n<p><strong>&nbsp;&nbsp;&nbsp;&nbsp;&nbsp;&nbsp;&nbsp;&nbsp;&nbsp;&nbsp;&nbsp;&nbsp;Serijski spoj otpornika mo\u017ee se prikazati jednim otpornikom iznosa koji je jednak zbroju pojedina\u010dnih otpornika:<\/strong><\/p>\n\n\n\n<p><strong>R<sub>uk<\/sub>&nbsp;= R<sub>1<\/sub>&nbsp;+ R<sub>2<\/sub>&nbsp;+ &#8230; + R<sub>n<\/sub><\/strong><\/p>\n\n\n\n<p><strong>U ovom slu\u010daju je:<\/strong><\/p>\n\n\n\n<p><strong><em>R<sub>uk<\/sub>&nbsp;= R<sub>1<\/sub>&nbsp;+ R<sub>2<\/sub>&nbsp;= 6 + 6 = 12&nbsp;<\/em><\/strong><strong><em>W<\/em><\/strong><\/p>\n\n\n\n<p><strong>Ako je baterija od 9 V, a ampermetar pokazuje 0,75 A, kao u ovom slu\u010daju, tada je ukupni otpor kruga:<\/strong><\/p>\n\n\n\n<p><strong>R = 9 \/ 0,75 = 12&nbsp;<\/strong><strong>W<\/strong><\/p>\n\n\n\n<p><strong>Dakle, mjerni rezultat potvr\u0111uje da se serijska kombinacija mo\u017ee zamjeniti zbrojem pojedina\u010dnih otpornika, jer se krug pona\u0161a kao da je u njemu jedan otpornik od 12&nbsp;<\/strong><strong>W<\/strong><strong>. Padovi napona na oba otpornika su po 4,5 V.<\/strong><\/p>\n\n\n\n<p><strong>Karakteristika paralelnog spoja je ta da je napon u svakoj grani (na svakom otporniku) jednak. Iz Ohmovog zakona slijedi da struje ne mogu biti jednake, osim ako i otpori nisu jednaki. Zbroj struja kroz paralelne grane je ukupna struja kruga.<\/strong><\/p>\n\n\n\n<p><strong>&nbsp;&nbsp;&nbsp;&nbsp;&nbsp;&nbsp;&nbsp;&nbsp;&nbsp;&nbsp;&nbsp;&nbsp;Napon na paralelnoj kombinaciji 9V, a ukupna struja 3,3A. Slijedi da je R<sub>uk<\/sub>&nbsp;= 9\/3,3 = 2,7273&nbsp;<\/strong><strong>W<\/strong><strong>. Otpornici su od 5&nbsp;<\/strong><strong>W<\/strong><strong>&nbsp;i 6&nbsp;<\/strong><strong>W<\/strong><strong>, te je nemogu\u0107e da se 2,7 mo\u017ee dobiti kao zbroj ili razlika ta dva otpornika. Ukupna izmjereni otpor kruga je manji od svakog pojedina\u010dnog otpornika.<\/strong><\/p>\n\n\n\n<p><strong>&nbsp;&nbsp;&nbsp;&nbsp;&nbsp;&nbsp;&nbsp;&nbsp;&nbsp;&nbsp;&nbsp;&nbsp;Ukupni otpor paralelne kombinacije ra\u010duna se po formuli:<\/strong><\/p>\n\n\n\n<p><b>1\/R<strong><sub>uk<\/sub><\/strong>\u00a0=1\/R<\/b><strong style=\"font-weight: bold;\"><sub>1<\/sub><\/strong><b>\u00a0+ 1\/R<\/b><strong style=\"font-weight: bold;\"><sub>2<\/sub><\/strong><b>\u00a0+ &#8230; + 1\/R<\/b><strong><strong><sub>n<\/sub><\/strong><\/strong><\/p>\n\n\n\n<p><strong>Za slu\u010daj dva otpornika, slijedi:<\/strong><\/p>\n\n\n\n<p><strong>R<sub>uk<\/sub>&nbsp;= R<sub>1<\/sub>R<sub>2<\/sub>&nbsp;\/ (R<sub>1<\/sub>&nbsp;+ R<sub>2<\/sub>)<\/strong><\/p>\n\n\n\n<p><strong>Stoga je u ovom slu\u010daju:<\/strong><\/p>\n\n\n\n<p><strong>R<b><strong><sub>uk<\/sub><\/strong><\/b> = 5\u00d76 \/ (5+6) = 2,7273\u00a0W<\/strong><\/p>\n\n\n\n<p><a href=\"izbor.html\"><strong>Ostali appleti<\/strong><\/a><strong>. \u2013 obja\u0161njenja u pripremi.<\/strong><\/p>\n\n\n\n<p><a href=\"pe\/physengl\/ohmslaw.htm\"><strong>Ohmov zakon<\/strong><\/a><strong>.<\/strong><\/p>\n\n\n\n<p><a href=\"pe\/physengl\/accircuit.htm\"><strong>Jednostavni izmjeni\u010dni krug<\/strong><\/a><strong>.<\/strong><\/p>\n\n\n\n<p><a href=\"pe\/physengl\/bohrengl.htm\"><strong>Bohrova teorija atoma vodika<\/strong><\/a><strong>.<\/strong><\/p>\n\n\n\n<p><a href=\"pe\/physengl\/electricmotor.htm\"><strong>Princip rada elektromotora<\/strong><\/a><strong>.<\/strong><\/p>\n\n\n\n<p><a href=\"pe\/physengl\/emwave.htm\"><strong>Elektromagnetski valovi<\/strong><\/a><strong>.<\/strong><\/p>\n\n\n\n<p><a href=\"pe\/physengl\/generatorengl.htm\"><strong>Generator elektri\u010dne struje<\/strong><\/a><strong>.<\/strong><\/p>\n\n\n\n<p><a href=\"pe\/physengl\/lorentzforce.htm\"><strong>Lorentzova sila<\/strong><\/a><strong>.<\/strong><\/p>\n\n\n\n<p><a href=\"pe\/physengl\/osccirc.htm\"><strong>Titrajni krug<\/strong><\/a><strong>.<\/strong><\/p>\n\n\n\n<p><a href=\"pe\/physengl\/photoeffect.htm\"><strong>Fotoelektri\u010dni efekt<\/strong><\/a><strong>.<\/strong><\/p>\n\n\n\n<h1 class=\"wp-block-heading\"><a><strong>&nbsp;<\/strong><\/a><\/h1>\n\n\n\n<h1 class=\"wp-block-heading\"><strong>ELEKTRONIKA<\/strong><\/h1>\n\n\n\n<p><a href=\"http:\/\/jas2.eng.buffalo.edu\/applets\/education\/\"><strong>Indeks Java appleta (Indeks of Java Applets).<\/strong><\/a><strong><\/strong><\/p>\n\n\n\n<p>&#8211;&nbsp;&nbsp;&nbsp;&nbsp;&nbsp;&nbsp;&nbsp;<strong>&#8211;<\/strong><strong>&nbsp;&nbsp;&nbsp;&nbsp;&nbsp;&nbsp;&nbsp;&nbsp;&nbsp;<\/strong><strong>priroda poluvodi\u010da,<\/strong><\/p>\n\n\n\n<p>&#8211;&nbsp;&nbsp;&nbsp;&nbsp;&nbsp;&nbsp;&nbsp;<strong>&#8211;<\/strong><strong>&nbsp;&nbsp;&nbsp;&nbsp;&nbsp;&nbsp;&nbsp;&nbsp;&nbsp;<\/strong><strong>elektroni\u010dke komponente,<\/strong><\/p>\n\n\n\n<p>&#8211;&nbsp;&nbsp;&nbsp;&nbsp;&nbsp;&nbsp;&nbsp;<strong>&#8211;<\/strong><strong>&nbsp;&nbsp;&nbsp;&nbsp;&nbsp;&nbsp;&nbsp;&nbsp;&nbsp;<\/strong><strong>primjena elektroni\u010dkih komponenti<\/strong><\/p>\n\n\n\n<p>&#8211;&nbsp;&nbsp;&nbsp;&nbsp;&nbsp;&nbsp;&nbsp;<strong>&#8211;<\/strong><strong>&nbsp;&nbsp;&nbsp;&nbsp;&nbsp;&nbsp;&nbsp;&nbsp;&nbsp;<\/strong><a href=\"#pee\"><strong>proizvodnja elektroni\u010dkih elemenata<\/strong><\/a><\/p>\n\n\n\n<p><strong>Vje\u017ebe u EWB-u:<\/strong><\/p>\n\n\n\n<p><a href=\"serijski_r_krug.ewb\"><strong>Jednostavni krug istosmjerne struje<\/strong><\/a><\/p>\n\n\n\n<p><a href=\"http:\/\/www.pfst.hr\/~ivujovic\/vi_1.ewb\"><strong>Logi\u010dka&nbsp;<\/strong><\/a><a href=\"http:\/\/www.pfst.hr\/~ivujovic\/vi_1.ewb\"><strong>2<\/strong><\/a><a href=\"http:\/\/www.pfst.hr\/~ivujovic\/vi_1.ewb\"><strong>I<\/strong><\/a><a href=\"http:\/\/www.pfst.hr\/~ivujovic\/vi_1.ewb\"><strong>2<\/strong><\/a><a href=\"http:\/\/www.pfst.hr\/~ivujovic\/vi_1.ewb\"><strong>&nbsp;(<\/strong><\/a><a href=\"http:\/\/www.pfst.hr\/~ivujovic\/vi_1.ewb\"><strong>2<\/strong><\/a><a href=\"http:\/\/www.pfst.hr\/~ivujovic\/vi_1.ewb\"><strong>AND<\/strong><\/a><a href=\"http:\/\/www.pfst.hr\/~ivujovic\/vi_1.ewb\"><strong>2<\/strong><\/a><a href=\"vi_1.ewb\"><strong>) vrata (vje\u017eba VI.1. u uputama)<\/strong><\/a><\/p>\n\n\n\n<p><a href=\"http:\/\/www.pfst.hr\/~ivujovic\/vi_2.ewb\"><strong>Logi\u010dka&nbsp;<\/strong><\/a><a href=\"http:\/\/www.pfst.hr\/~ivujovic\/vi_2.ewb\"><strong>2<\/strong><\/a><a href=\"http:\/\/www.pfst.hr\/~ivujovic\/vi_2.ewb\"><strong>NILI<\/strong><\/a><a href=\"http:\/\/www.pfst.hr\/~ivujovic\/vi_2.ewb\"><strong>2<\/strong><\/a><a href=\"http:\/\/www.pfst.hr\/~ivujovic\/vi_2.ewb\"><strong>&nbsp;(<\/strong><\/a><a href=\"http:\/\/www.pfst.hr\/~ivujovic\/vi_2.ewb\"><strong>2<\/strong><\/a><a href=\"vi_2.ewb\"><strong>NOR<\/strong><\/a><a href=\"http:\/\/www.pfst.hr\/~ivujovic\/vi_2.ewb\"><strong>2<\/strong><\/a><a href=\"vi_2.ewb\"><strong>) vrata (vje\u017eba VI.2. u uputama)<\/strong><\/a><\/p>\n\n\n\n<p><a href=\"vi_3.ewb\"><strong>RS bistabil (vje\u017eba VI.3. u uputama)<\/strong><\/a><\/p>\n\n\n\n<p><a href=\"vi_5_my.ewb\"><strong>Brojilo s dekoderom (vje\u017eba VI.5. u uputama)<\/strong><\/a><\/p>\n\n\n\n<p><a href=\"vi_6.ewb\"><strong>Digitalna promjena otpora (vje\u017eba VI.6. u uputama)<\/strong><\/a><strong>&nbsp;ili&nbsp;<\/strong><a href=\"vi_5.ewb\"><strong>ver.2<\/strong><\/a><strong>.<\/strong><\/p>\n\n\n\n<p><strong>Potrebno je napisati tablicu istine za sklop u vje\u017ebi. Kako postoje 4 sklopke, bit \u0107e 16 kombinacija.<\/strong><\/p>\n\n\n\n<figure class=\"wp-block-table\"><table><tbody><tr><td><strong>Sklopka A<\/strong><\/td><td><strong>Sklopka S<\/strong><\/td><td><strong>Sklopka F<\/strong><\/td><td><strong>Sklopka D<\/strong><\/td><td><strong>Otpor&nbsp;<\/strong><strong>[<\/strong><strong>M<\/strong><strong>W<\/strong><strong>]<\/strong><\/td><\/tr><tr><td><strong>0<\/strong><\/td><td><strong>0<\/strong><\/td><td><strong>0<\/strong><\/td><td><strong>0<\/strong><\/td><td><strong>&nbsp;<\/strong><\/td><\/tr><tr><td><strong>0<\/strong><\/td><td><strong>0<\/strong><\/td><td><strong>0<\/strong><\/td><td><strong>1<\/strong><\/td><td><strong>&nbsp;<\/strong><\/td><\/tr><tr><td><strong>0<\/strong><\/td><td><strong>0<\/strong><\/td><td><strong>1<\/strong><\/td><td><strong>0<\/strong><\/td><td><strong>&nbsp;<\/strong><\/td><\/tr><tr><td><strong>0<\/strong><\/td><td><strong>0<\/strong><\/td><td><strong>1<\/strong><\/td><td><strong>1<\/strong><\/td><td><strong>&nbsp;<\/strong><\/td><\/tr><tr><td><strong>0<\/strong><\/td><td><strong>1<\/strong><\/td><td><strong>0<\/strong><\/td><td><strong>0<\/strong><\/td><td><strong>&nbsp;<\/strong><\/td><\/tr><tr><td><strong>0<\/strong><\/td><td><strong>1<\/strong><\/td><td><strong>0<\/strong><\/td><td><strong>1<\/strong><\/td><td><strong>&nbsp;<\/strong><\/td><\/tr><tr><td><strong>0<\/strong><\/td><td><strong>1<\/strong><\/td><td><strong>1<\/strong><\/td><td><strong>0<\/strong><\/td><td><strong>&nbsp;<\/strong><\/td><\/tr><tr><td><strong>0<\/strong><\/td><td><strong>1<\/strong><\/td><td><strong>1<\/strong><\/td><td><strong>1<\/strong><\/td><td><strong>&nbsp;<\/strong><\/td><\/tr><tr><td><strong>1<\/strong><\/td><td><strong>0<\/strong><\/td><td><strong>0<\/strong><\/td><td><strong>0<\/strong><\/td><td><strong>&nbsp;<\/strong><\/td><\/tr><tr><td><strong>1<\/strong><\/td><td><strong>0<\/strong><\/td><td><strong>0<\/strong><\/td><td><strong>1<\/strong><\/td><td><strong>&nbsp;<\/strong><\/td><\/tr><tr><td><strong>1<\/strong><\/td><td><strong>0<\/strong><\/td><td><strong>1<\/strong><\/td><td><strong>0<\/strong><\/td><td><strong>&nbsp;<\/strong><\/td><\/tr><tr><td><strong>1<\/strong><\/td><td><strong>0<\/strong><\/td><td><strong>1<\/strong><\/td><td><strong>1<\/strong><\/td><td><strong>&nbsp;<\/strong><\/td><\/tr><tr><td><strong>1<\/strong><\/td><td><strong>1<\/strong><\/td><td><strong>0<\/strong><\/td><td><strong>0<\/strong><\/td><td><strong>&nbsp;<\/strong><\/td><\/tr><tr><td><strong>1<\/strong><\/td><td><strong>1<\/strong><\/td><td><strong>0<\/strong><\/td><td><strong>1<\/strong><\/td><td><strong>&nbsp;<\/strong><\/td><\/tr><tr><td><strong>1<\/strong><\/td><td><strong>1<\/strong><\/td><td><strong>1<\/strong><\/td><td><strong>0<\/strong><\/td><td><strong>&nbsp;<\/strong><\/td><\/tr><tr><td><strong>1<\/strong><\/td><td><strong>1<\/strong><\/td><td><strong>1<\/strong><\/td><td><strong>1<\/strong><\/td><td><strong>&nbsp;<\/strong><\/td><\/tr><\/tbody><\/table><\/figure>\n\n\n\n<p><a id=\"pee\"><strong>Proizvodnja elektroni\u010dkih elemenata:<\/strong><\/a><\/p>\n\n\n\n<p><strong><a href=\"http:\/\/jas.eng.buffalo.edu\/education\/fab\/pn\/diodeframe.html\">PN slojna dioda<\/a><\/strong><strong>&nbsp;\u2013 postupak izrade prikazan multimedijalno.<\/strong><\/p>\n\n\n\n<p><strong><a href=\"http:\/\/jas.eng.buffalo.edu\/education\/fab\/BjtFet\/\">Postupak izrade<\/a><\/strong><strong>&nbsp;bipolarnog i unipolarnog tranzistora na istom \u010dipu.<\/strong><\/p>\n\n\n\n<p><strong><a href=\"http:\/\/jas.eng.buffalo.edu\/education\/fab\/NMOS\/nmos.html\">Postupak izrade<\/a><\/strong><strong>&nbsp;n-kanalnog MOS FET-a.<\/strong><\/p>\n\n\n\n<p><strong>Struktura vodljivog i valentnog pojasa kod silicija \u2013&nbsp;<\/strong><a href=\"http:\/\/www-ncce.ceg.uiuc.edu\/demos\/si_bandstructure\/index1.html\"><strong>prora\u010dun<\/strong><\/a><strong>.<\/strong><\/p>\n","protected":false},"excerpt":{"rendered":"<p>Upute za aktivaciju JAVA appleta pod novim sigurnosnim uvjetima u Windowsima (ako ne odgovaraju izbornici treba na\u0107i verziju JAVA programa koji ima te funkcije.) Na ovoj stranici su postavljene stare verzije appleta. Nove verzije se mogu dobiti na web stranicama\u00a01. skupine autora\u00a0i\u00a02. skupine autora. Linkovi za skidanje\u00a0appleta\u00a0na na\u0161em serveru:\u00a0Sergey\u00a0Kiselev\u00a0and\u00a0Tanya\u00a0Yanovsky-Kiselev\u00a0i\u00a0Walter\u00a0Fendt. Upozorenje:&nbsp;Na ovoj stranici su navedene veze [&hellip;]<\/p>\n","protected":false},"author":2,"featured_media":0,"parent":0,"menu_order":0,"comment_status":"closed","ping_status":"closed","template":"","meta":{"footnotes":""},"class_list":["post-158","page","type-page","status-publish","hentry"],"_links":{"self":[{"href":"https:\/\/ivujovic.pfst.hr\/index.php\/wp-json\/wp\/v2\/pages\/158","targetHints":{"allow":["GET"]}}],"collection":[{"href":"https:\/\/ivujovic.pfst.hr\/index.php\/wp-json\/wp\/v2\/pages"}],"about":[{"href":"https:\/\/ivujovic.pfst.hr\/index.php\/wp-json\/wp\/v2\/types\/page"}],"author":[{"embeddable":true,"href":"https:\/\/ivujovic.pfst.hr\/index.php\/wp-json\/wp\/v2\/users\/2"}],"replies":[{"embeddable":true,"href":"https:\/\/ivujovic.pfst.hr\/index.php\/wp-json\/wp\/v2\/comments?post=158"}],"version-history":[{"count":3,"href":"https:\/\/ivujovic.pfst.hr\/index.php\/wp-json\/wp\/v2\/pages\/158\/revisions"}],"predecessor-version":[{"id":168,"href":"https:\/\/ivujovic.pfst.hr\/index.php\/wp-json\/wp\/v2\/pages\/158\/revisions\/168"}],"wp:attachment":[{"href":"https:\/\/ivujovic.pfst.hr\/index.php\/wp-json\/wp\/v2\/media?parent=158"}],"curies":[{"name":"wp","href":"https:\/\/api.w.org\/{rel}","templated":true}]}}